{"id":820,"date":"2023-09-04T11:46:40","date_gmt":"2023-09-04T09:46:40","guid":{"rendered":"http:\/\/yogaspace-greifswald.de\/?page_id=820"},"modified":"2024-10-03T09:10:00","modified_gmt":"2024-10-03T08:10:00","slug":"impressum","status":"publish","type":"page","link":"https:\/\/yogaspace-greifswald.de\/en\/impressum\/","title":{"rendered":"Impressum"},"content":{"rendered":"<p>[et_pb_section fb_built=&#8220;1&#8243; next_background_color=&#8220;#FFFFFF&#8220; _builder_version=&#8220;4.19.4&#8243; _module_preset=&#8220;default&#8220; background_enable_image=&#8220;off&#8220; background_position=&#8220;top_left&#8220; custom_padding=&#8220;5px||3px|||&#8220; bottom_divider_style=&#8220;wave2&#8243; bottom_divider_flip=&#8220;vertical&#8220; global_colors_info=&#8220;{}&#8220;][et_pb_row _builder_version=&#8220;4.19.5&#8243; _module_preset=&#8220;default&#8220; background_enable_image=&#8220;off&#8220; background_position=&#8220;top_left&#8220; height_tablet=&#8220;300px&#8220; height_phone=&#8220;&#8220; height_last_edited=&#8220;on|phone&#8220; custom_padding=&#8220;||7px|||&#8220; border_radii=&#8220;off|20px|||&#8220; border_radii_tablet=&#8220;off|20px|||&#8220; border_radii_phone=&#8220;off|20px|||&#8220; border_radii_last_edited=&#8220;on|phone&#8220; global_colors_info=&#8220;{}&#8220;][et_pb_column type=&#8220;4_4&#8243; _builder_version=&#8220;4.19.4&#8243; _module_preset=&#8220;default&#8220; global_colors_info=&#8220;{}&#8220;][et_pb_text content_tablet=&#8220;<\/p>\n<h1 style=%22text-align: left;%22>Lehrerin f\u00fcr achtsames Yoga und Yoga Therapie.<\/h1>\n<p>&#8220; content_phone=&#8220;<\/p>\n<h1 style=%22text-align: left;%22>Lehrerin f\u00fcr achtsames Yoga und Yoga Therapie.<\/h1>\n<p>&#8220; content_last_edited=&#8220;on|phone&#8220; _builder_version=&#8220;4.22.1&#8243; _module_preset=&#8220;default&#8220; header_font=&#8220;The Girl Next Door||||||||&#8220; header_text_color=&#8220;#660033&#8243; header_font_size=&#8220;56px&#8220; header_line_height=&#8220;1.2em&#8220; width=&#8220;650px&#8220; width_tablet=&#8220;&#8220; width_phone=&#8220;355px&#8220; width_last_edited=&#8220;on|tablet&#8220; module_alignment=&#8220;center&#8220; custom_margin=&#8220;||0px||false|false&#8220; custom_margin_tablet=&#8220;&#8220; custom_margin_phone=&#8220;||||false|false&#8220; custom_margin_last_edited=&#8220;on|phone&#8220; custom_padding=&#8220;95px||||false|false&#8220; custom_padding_tablet=&#8220;|||0px|false|false&#8220; custom_padding_phone=&#8220;0px|||0px|false|false&#8220; custom_padding_last_edited=&#8220;on|phone&#8220; header_font_size_tablet=&#8220;56px&#8220; header_font_size_phone=&#8220;28px&#8220; header_font_size_last_edited=&#8220;on|phone&#8220; module_alignment_tablet=&#8220;center&#8220; module_alignment_phone=&#8220;left&#8220; module_alignment_last_edited=&#8220;on|phone&#8220; global_colors_info=&#8220;{}&#8220;]<\/p>\n<div class=\"et_pb_row et_pb_row_0\">\n<div class=\"et_pb_column et_pb_column_4_4 et_pb_column_0  et_pb_css_mix_blend_mode_passthrough et-last-child\">\n<div class=\"et_pb_module et_pb_code et_pb_code_0\">\n<div class=\"et_pb_code_inner\">\n<h1><\/h1>\n<h1><strong>Impressum<\/strong><\/h1>\n<p>&nbsp;<\/p>\n<h2>Angaben gem\u00e4\u00df \u00a7 5 TMG<\/h2>\n<p>Melanie Lak\u00e4mper<br \/><span>Boddenweg 1<\/span><span><br \/><\/span><span>17493<\/span><span>\u00a0Greifswald<\/span><\/p>\n<p>&nbsp;<\/p>\n<h2>Kontakt<\/h2>\n<p>Telefon: 0157 75372791<br \/>E-Mail: hallo@yogaspace-greifswald.de<span style=\"font-size: 17px;\">\u00a0<\/span><\/p>\n<p>&nbsp;<\/p>\n<h2>Redaktionell Verantwortlich<\/h2>\n<p>Melanie Lak\u00e4mper<br \/><span>Boddenweg 1<\/span><span><br \/><\/span><span>17493<\/span><span>\u00a0Greifswald<\/span><\/p>\n<p>Texting support: Margot Maric &#8211; achtsames Storytelling https:\/\/margotmaric.de\/<span><\/span><\/p>\n<p>&nbsp;<\/p>\n<h2>Bilder<\/h2>\n<h2><span style=\"font-size: 17px; color: #666666; font-family: 'Open Sans', Helvetica, Arial, Lucida, sans-serif;\">Portr\u00e4ts von Melanie made by \u00c5sa Helander<\/span><\/h2>\n<h2><span style=\"font-size: 17px; color: #666666; font-family: 'Open Sans', Helvetica, Arial, Lucida, sans-serif;\">by unsplash.com<\/span><\/h2>\n<p>Foto \u201eBeach Yoga&#8220; von <a href=\"https:\/\/unsplash.com\/de\/@chelseacgates?utm_content=creditCopyText&amp;utm_medium=referral&amp;utm_source=unsplash\">Chelsea Gates<\/a> auf <a href=\"https:\/\/unsplash.com\/de\/fotos\/person-in-blauen-shorts-sitzt-tagsuber-am-strandufer-n8L1VYaypcw?utm_content=creditCopyText&amp;utm_medium=referral&amp;utm_source=unsplash\">Unsplash<\/a> (30.08.24)<\/p>\n<p><span style=\"font-size: 17px;\">Foto \u201eGras\u201c auf therapeutisches Yoga von <a href=\"https:\/\/unsplash.com\/de\/@anniespratt?utm_content=creditCopyText&amp;utm_medium=referral&amp;utm_source=unsplash\">Annie Spratt<\/a> auf <a href=\"https:\/\/unsplash.com\/de\/fotos\/nahaufnahme-einer-pflanze-TkQv267qSss?utm_content=creditCopyText&amp;utm_medium=referral&amp;utm_source=unsplash\">Unsplash<\/a> <\/span><span style=\"font-size: 17px;\"> (30.08.24)<\/span><span style=\"font-size: 17px;\"><br \/><\/span><\/p>\n<\/div>\n<div class=\"et_pb_code_inner\"><\/div>\n<div class=\"et_pb_code_inner\">\n<p>&nbsp;<\/p>\n<p>&nbsp;<\/p>\n<h2>EU-Streitschlichtung<\/h2>\n<p>Die Europ\u00e4ische Kommission stellt eine Plattform zur Online-Streitbeilegung (OS) bereit: <a href=\"https:\/\/ec.europa.eu\/consumers\/odr\" target=\"_blank\" rel=\"noopener noreferrer\">https:\/\/ec.europa.eu\/consumers\/odr<\/a>.<br \/>Unsere E-Mail-Adresse finden Sie oben im Impressum.<\/p>\n<p>&nbsp;<\/p>\n<h2>Verbraucher\u00adstreit\u00adbeilegung\/Universal\u00adschlichtungs\u00adstelle<\/h2>\n<p>Wir sind nicht bereit oder verpflichtet, an Streitbeilegungsverfahren vor einer Verbraucherschlichtungsstelle teilzunehmen.<\/p>\n<p>&nbsp;<\/p>\n<h3>Haftung f\u00fcr Inhalte<\/h3>\n<p>Als Diensteanbieter sind wir gem\u00e4\u00df \u00a7 7 Abs.1 TMG f\u00fcr eigene Inhalte auf diesen Seiten nach den allgemeinen Gesetzen verantwortlich. Nach \u00a7\u00a7 8 bis 10 TMG sind wir als Diensteanbieter jedoch nicht verpflichtet, \u00fcbermittelte oder gespeicherte fremde Informationen zu \u00fcberwachen oder nach Umst\u00e4nden zu forschen, die auf eine rechtswidrige T\u00e4tigkeit hinweisen.<\/p>\n<p>Verpflichtungen zur Entfernung oder Sperrung der Nutzung von Informationen nach den allgemeinen Gesetzen bleiben hiervon unber\u00fchrt. Eine diesbez\u00fcgliche Haftung ist jedoch erst ab dem Zeitpunkt der Kenntnis einer konkreten Rechtsverletzung m\u00f6glich. Bei Bekanntwerden von entsprechenden Rechtsverletzungen werden wir diese Inhalte umgehend entfernen.<\/p>\n<p>&nbsp;<\/p>\n<h3>Haftung f\u00fcr Links<\/h3>\n<p>Unser Angebot enth\u00e4lt Links zu externen Websites Dritter, auf deren Inhalte wir keinen Einfluss haben. Deshalb k\u00f6nnen wir f\u00fcr diese fremden Inhalte auch keine Gew\u00e4hr \u00fcbernehmen. F\u00fcr die Inhalte der verlinkten Seiten ist stets der jeweilige Anbieter oder Betreiber der Seiten verantwortlich. Die verlinkten Seiten wurden zum Zeitpunkt der Verlinkung auf m\u00f6gliche Rechtsverst\u00f6\u00dfe \u00fcberpr\u00fcft. Rechtswidrige Inhalte waren zum Zeitpunkt der Verlinkung nicht erkennbar.<\/p>\n<p>Eine permanente inhaltliche Kontrolle der verlinkten Seiten ist jedoch ohne konkrete Anhaltspunkte einer Rechtsverletzung nicht zumutbar. Bei Bekanntwerden von Rechtsverletzungen werden wir derartige Links umgehend entfernen.<\/p>\n<p>&nbsp;<\/p>\n<h3>Urheberrecht<\/h3>\n<p>Die durch die Seitenbetreiber erstellten Inhalte und Werke auf diesen Seiten unterliegen dem deutschen Urheberrecht. Die Vervielf\u00e4ltigung, Bearbeitung, Verbreitung und jede Art der Verwertung au\u00dferhalb der Grenzen des Urheberrechtes bed\u00fcrfen der schriftlichen Zustimmung des jeweiligen Autors bzw. Erstellers. Downloads und Kopien dieser Seite sind nur f\u00fcr den privaten, nicht kommerziellen Gebrauch gestattet.<\/p>\n<p>Soweit die Inhalte auf dieser Seite nicht vom Betreiber erstellt wurden, werden die Urheberrechte Dritter beachtet. Insbesondere werden Inhalte Dritter als solche gekennzeichnet. Sollten Sie trotzdem auf eine Urheberrechtsverletzung aufmerksam werden, bitten wir um einen entsprechenden Hinweis. Bei Bekanntwerden von Rechtsverletzungen werden wir derartige Inhalte umgehend entfernen.<\/p>\n<\/div>\n<\/div>\n<\/div>\n<\/div>\n<p>[\/et_pb_text][et_pb_text module_class=&#8220;pa-bullet-list-1&#8243; _builder_version=&#8220;4.22.1&#8243; _module_preset=&#8220;default&#8220; text_font=&#8220;|300|||||||&#8220; text_line_height=&#8220;1.9em&#8220; width_tablet=&#8220;650px&#8220; width_phone=&#8220;90%&#8220; width_last_edited=&#8220;on|phone&#8220; module_alignment=&#8220;center&#8220; global_colors_info=&#8220;{}&#8220;]<\/p>\n<p style=\"text-align: center;\">\n<p>&nbsp;<\/p>\n<p>[\/et_pb_text][\/et_pb_column][\/et_pb_row][\/et_pb_section][et_pb_section fb_built=&#8220;1&#8243; custom_padding_last_edited=&#8220;on|phone&#8220; _builder_version=&#8220;4.19.4&#8243; _module_preset=&#8220;default&#8220; background_color=&#8220;#FFFFFF&#8220; background_enable_image=&#8220;off&#8220; background_size=&#8220;initial&#8220; background_position=&#8220;top_left&#8220; custom_margin=&#8220;0px||0px||false|false&#8220; custom_padding=&#8220;5px||||false|false&#8220; custom_padding_tablet=&#8220;||59px||false|false&#8220; custom_padding_phone=&#8220;||0px||false|false&#8220; background_last_edited=&#8220;on|phone&#8220; background_enable_image_tablet=&#8220;off&#8220; background_size_tablet=&#8220;contain&#8220; background_position_tablet=&#8220;top_left&#8220; global_colors_info=&#8220;{}&#8220; background__hover_enabled=&#8220;on|desktop&#8220;][\/et_pb_section]<\/p>\n","protected":false},"excerpt":{"rendered":"<p>Impressum &nbsp; Angaben gem\u00e4\u00df \u00a7 5 TMG Melanie Lak\u00e4mperBoddenweg 117493\u00a0Greifswald &nbsp; Kontakt Telefon: 0157 75372791E-Mail: hallo@yogaspace-greifswald.de\u00a0 &nbsp; Redaktionell Verantwortlich Melanie Lak\u00e4mperBoddenweg 117493\u00a0Greifswald Texting support: Margot Maric &#8211; achtsames Storytelling https:\/\/margotmaric.de\/ &nbsp; Bilder Portr\u00e4ts von Melanie made by \u00c5sa Helander by unsplash.com Foto \u201eBeach Yoga&#8220; von Chelsea Gates auf Unsplash (30.08.24) Foto \u201eGras\u201c auf therapeutisches Yoga [&hellip;]<\/p>\n","protected":false},"author":3,"featured_media":0,"parent":0,"menu_order":0,"comment_status":"closed","ping_status":"closed","template":"","meta":{"_et_pb_use_builder":"on","_et_pb_old_content":"","_et_gb_content_width":"","footnotes":""},"class_list":["post-820","page","type-page","status-publish","hentry"],"_links":{"self":[{"href":"https:\/\/yogaspace-greifswald.de\/en\/wp-json\/wp\/v2\/pages\/820","targetHints":{"allow":["GET"]}}],"collection":[{"href":"https:\/\/yogaspace-greifswald.de\/en\/wp-json\/wp\/v2\/pages"}],"about":[{"href":"https:\/\/yogaspace-greifswald.de\/en\/wp-json\/wp\/v2\/types\/page"}],"author":[{"embeddable":true,"href":"https:\/\/yogaspace-greifswald.de\/en\/wp-json\/wp\/v2\/users\/3"}],"replies":[{"embeddable":true,"href":"https:\/\/yogaspace-greifswald.de\/en\/wp-json\/wp\/v2\/comments?post=820"}],"version-history":[{"count":11,"href":"https:\/\/yogaspace-greifswald.de\/en\/wp-json\/wp\/v2\/pages\/820\/revisions"}],"predecessor-version":[{"id":1442,"href":"https:\/\/yogaspace-greifswald.de\/en\/wp-json\/wp\/v2\/pages\/820\/revisions\/1442"}],"wp:attachment":[{"href":"https:\/\/yogaspace-greifswald.de\/en\/wp-json\/wp\/v2\/media?parent=820"}],"curies":[{"name":"wp","href":"https:\/\/api.w.org\/{rel}","templated":true}]}}